{"id":149,"date":"2024-07-11T19:49:05","date_gmt":"2024-07-11T19:49:05","guid":{"rendered":"https:\/\/sladjanpetrovic.ch\/?page_id=149"},"modified":"2024-07-11T20:07:22","modified_gmt":"2024-07-11T20:07:22","slug":"familien","status":"publish","type":"page","link":"https:\/\/sladjanpetrovic.ch\/?page_id=149","title":{"rendered":"Familien"},"content":{"rendered":"\t\t<div data-elementor-type=\"wp-page\" data-elementor-id=\"149\" class=\"elementor elementor-149\">\n\t\t\t\t<div class=\"elementor-element elementor-element-9aa9924 e-flex e-con-boxed e-con e-parent\" data-id=\"9aa9924\" data-element_type=\"container\">\n\t\t\t\t\t<div class=\"e-con-inner\">\n\t\t\t\t<div class=\"elementor-element elementor-element-d11102e elementor-widget elementor-widget-heading\" data-id=\"d11102e\" data-element_type=\"widget\" data-widget_type=\"heading.default\">\n\t\t\t\t<div class=\"elementor-widget-container\">\n\t\t\t\t\t<h2 class=\"elementor-heading-title elementor-size-default\">Meine Vision<\/h2>\t\t\t\t<\/div>\n\t\t\t\t<\/div>\n\t\t\t\t\t<\/div>\n\t\t\t\t<\/div>\n\t\t<div class=\"elementor-element elementor-element-6dd0f24 e-flex e-con-boxed e-con e-parent\" data-id=\"6dd0f24\" data-element_type=\"container\">\n\t\t\t\t\t<div class=\"e-con-inner\">\n\t\t\t\t<div class=\"elementor-element elementor-element-81bf067 elementor-widget elementor-widget-text-editor\" data-id=\"81bf067\" data-element_type=\"widget\" data-widget_type=\"text-editor.default\">\n\t\t\t\t<div class=\"elementor-widget-container\">\n\t\t\t\t\t\t\t\t\t<blockquote><span style=\"color: #999999;\">Eine starke Familienpolitik ist die Grundlage f\u00fcr eine gesunde und stabile Gesellschaft. Meine Vision ist es, Familien in der Schweiz zu unterst\u00fctzen und zu st\u00e4rken, damit sie ihre wichtige Rolle in der Gesellschaft optimal erf\u00fcllen k\u00f6nnen.<\/span><br \/><span style=\"color: #999999;\">Sladjan Petrovic<\/span><\/blockquote>\t\t\t\t\t\t\t\t<\/div>\n\t\t\t\t<\/div>\n\t\t\t\t\t<\/div>\n\t\t\t\t<\/div>\n\t\t<div class=\"elementor-element elementor-element-7a8d852 e-flex e-con-boxed e-con e-parent\" data-id=\"7a8d852\" data-element_type=\"container\">\n\t\t\t\t\t<div class=\"e-con-inner\">\n\t\t\t\t<div class=\"elementor-element elementor-element-0be215e elementor-widget elementor-widget-accordion\" data-id=\"0be215e\" data-element_type=\"widget\" data-widget_type=\"accordion.default\">\n\t\t\t\t<div class=\"elementor-widget-container\">\n\t\t\t\t\t\t\t<div class=\"elementor-accordion\">\n\t\t\t\t\t\t\t<div class=\"elementor-accordion-item\">\n\t\t\t\t\t<div id=\"elementor-tab-title-1241\" class=\"elementor-tab-title\" data-tab=\"1\" role=\"button\" aria-controls=\"elementor-tab-content-1241\" aria-expanded=\"false\">\n\t\t\t\t\t\t\t\t\t\t\t\t\t<span class=\"elementor-accordion-icon elementor-accordion-icon-left\" aria-hidden=\"true\">\n\t\t\t\t\t\t\t\t\t\t\t\t\t\t\t<span class=\"elementor-accordion-icon-closed\"><svg class=\"e-font-icon-svg e-fas-plus\" viewBox=\"0 0 448 512\" xmlns=\"http:\/\/www.w3.org\/2000\/svg\"><path d=\"M416 208H272V64c0-17.67-14.33-32-32-32h-32c-17.67 0-32 14.33-32 32v144H32c-17.67 0-32 14.33-32 32v32c0 17.67 14.33 32 32 32h144v144c0 17.67 14.33 32 32 32h32c17.67 0 32-14.33 32-32V304h144c17.67 0 32-14.33 32-32v-32c0-17.67-14.33-32-32-32z\"><\/path><\/svg><\/span>\n\t\t\t\t\t\t\t\t<span class=\"elementor-accordion-icon-opened\"><svg class=\"e-font-icon-svg e-fas-minus\" viewBox=\"0 0 448 512\" xmlns=\"http:\/\/www.w3.org\/2000\/svg\"><path d=\"M416 208H32c-17.67 0-32 14.33-32 32v32c0 17.67 14.33 32 32 32h384c17.67 0 32-14.33 32-32v-32c0-17.67-14.33-32-32-32z\"><\/path><\/svg><\/span>\n\t\t\t\t\t\t\t\t\t\t\t\t\t\t<\/span>\n\t\t\t\t\t\t\t\t\t\t\t\t<a class=\"elementor-accordion-title\" tabindex=\"0\">Unterst\u00fctzung f\u00fcr Familien<\/a>\n\t\t\t\t\t<\/div>\n\t\t\t\t\t<div id=\"elementor-tab-content-1241\" class=\"elementor-tab-content elementor-clearfix\" data-tab=\"1\" role=\"region\" aria-labelledby=\"elementor-tab-title-1241\"><p>Familien ben\u00f6tigen gezielte Unterst\u00fctzung, um den Herausforderungen des Alltags gerecht zu werden und ihre Kinder bestm\u00f6glich zu f\u00f6rdern.<\/p><ul><li><strong>Kinderf\u00f6rderung<\/strong>: Finanzielle Unterst\u00fctzung und Bildungsangebote erm\u00f6glichen es Familien, ihre Kinder optimal zu f\u00f6rdern und zu bilden.<\/li><li><strong>Finanzielle Entlastung<\/strong>: Direkte finanzielle Hilfen und Steuererleichterungen entlasten Familien und verbessern ihre Lebensqualit\u00e4t.<\/li><li><strong>Work-Life-Balance<\/strong>: Unterst\u00fctzende Ma\u00dfnahmen wie flexible Arbeitszeiten helfen Eltern, Beruf und Familie besser zu vereinbaren.<\/li><li><strong>Gesundheit und Wohlbefinden<\/strong>: Zugang zu Gesundheits- und Sozialdiensten st\u00e4rkt das Wohlbefinden der ganzen Familie.<\/li><li><strong>Langfristige Stabilit\u00e4t<\/strong>: Durch eine starke Unterst\u00fctzung wird die langfristige Stabilit\u00e4t und Sicherheit der Familien gew\u00e4hrleistet.<\/li><\/ul><\/div>\n\t\t\t\t<\/div>\n\t\t\t\t\t\t\t<div class=\"elementor-accordion-item\">\n\t\t\t\t\t<div id=\"elementor-tab-title-1242\" class=\"elementor-tab-title\" data-tab=\"2\" role=\"button\" aria-controls=\"elementor-tab-content-1242\" aria-expanded=\"false\">\n\t\t\t\t\t\t\t\t\t\t\t\t\t<span class=\"elementor-accordion-icon elementor-accordion-icon-left\" aria-hidden=\"true\">\n\t\t\t\t\t\t\t\t\t\t\t\t\t\t\t<span class=\"elementor-accordion-icon-closed\"><svg class=\"e-font-icon-svg e-fas-plus\" viewBox=\"0 0 448 512\" xmlns=\"http:\/\/www.w3.org\/2000\/svg\"><path d=\"M416 208H272V64c0-17.67-14.33-32-32-32h-32c-17.67 0-32 14.33-32 32v144H32c-17.67 0-32 14.33-32 32v32c0 17.67 14.33 32 32 32h144v144c0 17.67 14.33 32 32 32h32c17.67 0 32-14.33 32-32V304h144c17.67 0 32-14.33 32-32v-32c0-17.67-14.33-32-32-32z\"><\/path><\/svg><\/span>\n\t\t\t\t\t\t\t\t<span class=\"elementor-accordion-icon-opened\"><svg class=\"e-font-icon-svg e-fas-minus\" viewBox=\"0 0 448 512\" xmlns=\"http:\/\/www.w3.org\/2000\/svg\"><path d=\"M416 208H32c-17.67 0-32 14.33-32 32v32c0 17.67 14.33 32 32 32h384c17.67 0 32-14.33 32-32v-32c0-17.67-14.33-32-32-32z\"><\/path><\/svg><\/span>\n\t\t\t\t\t\t\t\t\t\t\t\t\t\t<\/span>\n\t\t\t\t\t\t\t\t\t\t\t\t<a class=\"elementor-accordion-title\" tabindex=\"0\">F\u00f6rderung der Vereinbarkeit von Beruf und Familie<\/a>\n\t\t\t\t\t<\/div>\n\t\t\t\t\t<div id=\"elementor-tab-content-1242\" class=\"elementor-tab-content elementor-clearfix\" data-tab=\"2\" role=\"region\" aria-labelledby=\"elementor-tab-title-1242\"><p>Es ist essentiell, dass Eltern die M\u00f6glichkeit haben, sowohl beruflichen als auch famili\u00e4ren Verpflichtungen gerecht zu werden.<\/p><ul><li><strong>Wirtschaftliche Teilhabe<\/strong>: Eine bessere Vereinbarkeit von Beruf und Familie f\u00f6rdert die wirtschaftliche Teilhabe beider Elternteile und erh\u00f6ht das Familieneinkommen.<\/li><li><strong>Gleichberechtigung<\/strong>: Flexible Arbeitsmodelle f\u00f6rdern die Gleichberechtigung zwischen M\u00e4nnern und Frauen im Berufsleben.<\/li><li><strong>Kinderbetreuung<\/strong>: Ausbau und Unterst\u00fctzung von Kinderbetreuungseinrichtungen geben Eltern die M\u00f6glichkeit, berufst\u00e4tig zu bleiben oder fr\u00fcher in den Beruf zur\u00fcckzukehren.<\/li><li><strong>Arbeitszufriedenheit<\/strong>: Flexibilit\u00e4t und Unterst\u00fctzung im Beruf f\u00fchren zu h\u00f6herer Zufriedenheit und Produktivit\u00e4t der Mitarbeiter.<\/li><li><strong>Nachhaltige Entwicklung<\/strong>: Familienfreundliche Unternehmen tragen zur nachhaltigen Entwicklung der Gesellschaft bei.<\/li><\/ul><\/div>\n\t\t\t\t<\/div>\n\t\t\t\t\t\t\t<div class=\"elementor-accordion-item\">\n\t\t\t\t\t<div id=\"elementor-tab-title-1243\" class=\"elementor-tab-title\" data-tab=\"3\" role=\"button\" aria-controls=\"elementor-tab-content-1243\" aria-expanded=\"false\">\n\t\t\t\t\t\t\t\t\t\t\t\t\t<span class=\"elementor-accordion-icon elementor-accordion-icon-left\" aria-hidden=\"true\">\n\t\t\t\t\t\t\t\t\t\t\t\t\t\t\t<span class=\"elementor-accordion-icon-closed\"><svg class=\"e-font-icon-svg e-fas-plus\" viewBox=\"0 0 448 512\" xmlns=\"http:\/\/www.w3.org\/2000\/svg\"><path d=\"M416 208H272V64c0-17.67-14.33-32-32-32h-32c-17.67 0-32 14.33-32 32v144H32c-17.67 0-32 14.33-32 32v32c0 17.67 14.33 32 32 32h144v144c0 17.67 14.33 32 32 32h32c17.67 0 32-14.33 32-32V304h144c17.67 0 32-14.33 32-32v-32c0-17.67-14.33-32-32-32z\"><\/path><\/svg><\/span>\n\t\t\t\t\t\t\t\t<span class=\"elementor-accordion-icon-opened\"><svg class=\"e-font-icon-svg e-fas-minus\" viewBox=\"0 0 448 512\" xmlns=\"http:\/\/www.w3.org\/2000\/svg\"><path d=\"M416 208H32c-17.67 0-32 14.33-32 32v32c0 17.67 14.33 32 32 32h384c17.67 0 32-14.33 32-32v-32c0-17.67-14.33-32-32-32z\"><\/path><\/svg><\/span>\n\t\t\t\t\t\t\t\t\t\t\t\t\t\t<\/span>\n\t\t\t\t\t\t\t\t\t\t\t\t<a class=\"elementor-accordion-title\" tabindex=\"0\">Bildung und Betreuung<\/a>\n\t\t\t\t\t<\/div>\n\t\t\t\t\t<div id=\"elementor-tab-content-1243\" class=\"elementor-tab-content elementor-clearfix\" data-tab=\"3\" role=\"region\" aria-labelledby=\"elementor-tab-title-1243\"><p>Eine qualitativ hochwertige Bildung und Betreuung sind entscheidend f\u00fcr die Entwicklung und Zukunft unserer Kinder.<\/p><ul><li><strong>Fr\u00fche F\u00f6rderung<\/strong>: Gute Bildungs- und Betreuungsangebote f\u00f6rdern die fr\u00fchkindliche Entwicklung und bereiten Kinder optimal auf die Schule vor.<\/li><li><strong>Gleiche Chancen<\/strong>: Zugang zu hochwertiger Bildung und Betreuung stellt sicher, dass alle Kinder gleiche Startchancen erhalten.<\/li><li><strong>Elternunterst\u00fctzung<\/strong>: Qualitative Betreuungsangebote entlasten Eltern und erm\u00f6glichen ihnen, ihre beruflichen und pers\u00f6nlichen Ziele zu verfolgen.<\/li><li><strong>Soziale Integration<\/strong>: Bildungseinrichtungen f\u00f6rdern die soziale Integration und den Zusammenhalt in der Gesellschaft.<\/li><li><strong>Langfristiger Erfolg<\/strong>: Eine solide Bildungsbasis ist entscheidend f\u00fcr den langfristigen Erfolg der Kinder in der Schule und im sp\u00e4teren Berufsleben.<\/li><\/ul><\/div>\n\t\t\t\t<\/div>\n\t\t\t\t\t\t\t<div class=\"elementor-accordion-item\">\n\t\t\t\t\t<div id=\"elementor-tab-title-1244\" class=\"elementor-tab-title\" data-tab=\"4\" role=\"button\" aria-controls=\"elementor-tab-content-1244\" aria-expanded=\"false\">\n\t\t\t\t\t\t\t\t\t\t\t\t\t<span class=\"elementor-accordion-icon elementor-accordion-icon-left\" aria-hidden=\"true\">\n\t\t\t\t\t\t\t\t\t\t\t\t\t\t\t<span class=\"elementor-accordion-icon-closed\"><svg class=\"e-font-icon-svg e-fas-plus\" viewBox=\"0 0 448 512\" xmlns=\"http:\/\/www.w3.org\/2000\/svg\"><path d=\"M416 208H272V64c0-17.67-14.33-32-32-32h-32c-17.67 0-32 14.33-32 32v144H32c-17.67 0-32 14.33-32 32v32c0 17.67 14.33 32 32 32h144v144c0 17.67 14.33 32 32 32h32c17.67 0 32-14.33 32-32V304h144c17.67 0 32-14.33 32-32v-32c0-17.67-14.33-32-32-32z\"><\/path><\/svg><\/span>\n\t\t\t\t\t\t\t\t<span class=\"elementor-accordion-icon-opened\"><svg class=\"e-font-icon-svg e-fas-minus\" viewBox=\"0 0 448 512\" xmlns=\"http:\/\/www.w3.org\/2000\/svg\"><path d=\"M416 208H32c-17.67 0-32 14.33-32 32v32c0 17.67 14.33 32 32 32h384c17.67 0 32-14.33 32-32v-32c0-17.67-14.33-32-32-32z\"><\/path><\/svg><\/span>\n\t\t\t\t\t\t\t\t\t\t\t\t\t\t<\/span>\n\t\t\t\t\t\t\t\t\t\t\t\t<a class=\"elementor-accordion-title\" tabindex=\"0\">Schutz und Sicherheit der Familien<\/a>\n\t\t\t\t\t<\/div>\n\t\t\t\t\t<div id=\"elementor-tab-content-1244\" class=\"elementor-tab-content elementor-clearfix\" data-tab=\"4\" role=\"region\" aria-labelledby=\"elementor-tab-title-1244\"><p>Sichere Lebensbedingungen sind unerl\u00e4sslich, damit Familien sich wohl und geborgen f\u00fchlen.<\/p><ul><li><strong>Gewaltpr\u00e4vention<\/strong>: Ma\u00dfnahmen zur Gewaltpr\u00e4vention und Schutzprogramme sorgen daf\u00fcr, dass Familien in einer sicheren Umgebung leben k\u00f6nnen.<\/li><li><strong>Wohnraum<\/strong>: Bezahlbarer und sicherer Wohnraum ist grundlegend f\u00fcr das Wohlbefinden von Familien.<\/li><li><strong>Gesundheitsversorgung<\/strong>: Zugang zu qualitativ hochwertiger Gesundheitsversorgung stellt sicher, dass alle Familienmitglieder gesund bleiben.<\/li><li><strong>Soziale Sicherheit<\/strong>: Ein starkes soziales Netz f\u00e4ngt Familien in schwierigen Zeiten auf und bietet Unterst\u00fctzung.<\/li><li><strong>Gemeinschaft<\/strong>: Sicherer Lebensraum f\u00f6rdert das Gemeinschaftsgef\u00fchl und den sozialen Zusammenhalt in der Nachbarschaft.<\/li><\/ul><\/div>\n\t\t\t\t<\/div>\n\t\t\t\t\t\t\t\t<\/div>\n\t\t\t\t\t\t<\/div>\n\t\t\t\t<\/div>\n\t\t\t\t\t<\/div>\n\t\t\t\t<\/div>\n\t\t\t\t<\/div>\n\t\t","protected":false},"excerpt":{"rendered":"<p>Meine Vision Eine starke Familienpolitik ist die Grundlage f\u00fcr eine gesunde und stabile Gesellschaft. Meine Vision ist es, Familien in [&hellip;]<\/p>\n","protected":false},"author":1,"featured_media":0,"parent":0,"menu_order":0,"comment_status":"closed","ping_status":"closed","template":"","meta":{"site-sidebar-layout":"no-sidebar","site-content-layout":"","ast-site-content-layout":"full-width-container","site-content-style":"default","site-sidebar-style":"default","ast-global-header-display":"","ast-banner-title-visibility":"","ast-main-header-display":"","ast-hfb-above-header-display":"","ast-hfb-below-header-display":"","ast-hfb-mobile-header-display":"","site-post-title":"disabled","ast-breadcrumbs-content":"","ast-featured-img":"disabled","footer-sml-layout":"","ast-disable-related-posts":"","theme-transparent-header-meta":"","adv-header-id-meta":"","stick-header-meta":"","header-above-stick-meta":"","header-main-stick-meta":"","header-below-stick-meta":"","astra-migrate-meta-layouts":"default","ast-page-background-enabled":"default","ast-page-background-meta":{"desktop":{"background-color":"var(--ast-global-color-4)","background-image":"","background-repeat":"repeat","background-position":"center center","background-size":"auto","background-attachment":"scroll","background-type":"","background-media":"","overlay-type":"","overlay-color":"","overlay-opacity":"","overlay-gradient":""},"tablet":{"background-color":"","background-image":"","background-repeat":"repeat","background-position":"center center","background-size":"auto","background-attachment":"scroll","background-type":"","background-media":"","overlay-type":"","overlay-color":"","overlay-opacity":"","overlay-gradient":""},"mobile":{"background-color":"","background-image":"","background-repeat":"repeat","background-position":"center center","background-size":"auto","background-attachment":"scroll","background-type":"","background-media":"","overlay-type":"","overlay-color":"","overlay-opacity":"","overlay-gradient":""}},"ast-content-background-meta":{"desktop":{"background-color":"var(--ast-global-color-5)","background-image":"","background-repeat":"repeat","background-position":"center center","background-size":"auto","background-attachment":"scroll","background-type":"","background-media":"","overlay-type":"","overlay-color":"","overlay-opacity":"","overlay-gradient":""},"tablet":{"background-color":"var(--ast-global-color-5)","background-image":"","background-repeat":"repeat","background-position":"center center","background-size":"auto","background-attachment":"scroll","background-type":"","background-media":"","overlay-type":"","overlay-color":"","overlay-opacity":"","overlay-gradient":""},"mobile":{"background-color":"var(--ast-global-color-5)","background-image":"","background-repeat":"repeat","background-position":"center center","background-size":"auto","background-attachment":"scroll","background-type":"","background-media":"","overlay-type":"","overlay-color":"","overlay-opacity":"","overlay-gradient":""}},"footnotes":""},"class_list":["post-149","page","type-page","status-publish","hentry"],"_links":{"self":[{"href":"https:\/\/sladjanpetrovic.ch\/index.php?rest_route=\/wp\/v2\/pages\/149","targetHints":{"allow":["GET"]}}],"collection":[{"href":"https:\/\/sladjanpetrovic.ch\/index.php?rest_route=\/wp\/v2\/pages"}],"about":[{"href":"https:\/\/sladjanpetrovic.ch\/index.php?rest_route=\/wp\/v2\/types\/page"}],"author":[{"embeddable":true,"href":"https:\/\/sladjanpetrovic.ch\/index.php?rest_route=\/wp\/v2\/users\/1"}],"replies":[{"embeddable":true,"href":"https:\/\/sladjanpetrovic.ch\/index.php?rest_route=%2Fwp%2Fv2%2Fcomments&post=149"}],"version-history":[{"count":12,"href":"https:\/\/sladjanpetrovic.ch\/index.php?rest_route=\/wp\/v2\/pages\/149\/revisions"}],"predecessor-version":[{"id":162,"href":"https:\/\/sladjanpetrovic.ch\/index.php?rest_route=\/wp\/v2\/pages\/149\/revisions\/162"}],"wp:attachment":[{"href":"https:\/\/sladjanpetrovic.ch\/index.php?rest_route=%2Fwp%2Fv2%2Fmedia&parent=149"}],"curies":[{"name":"wp","href":"https:\/\/api.w.org\/{rel}","templated":true}]}}