{"id":143,"date":"2024-07-11T19:31:20","date_gmt":"2024-07-11T19:31:20","guid":{"rendered":"https:\/\/sladjanpetrovic.ch\/?page_id=143"},"modified":"2024-07-11T19:44:46","modified_gmt":"2024-07-11T19:44:46","slug":"migration","status":"publish","type":"page","link":"https:\/\/sladjanpetrovic.ch\/?page_id=143","title":{"rendered":"Migration und Integration"},"content":{"rendered":"\t\t<div data-elementor-type=\"wp-page\" data-elementor-id=\"143\" class=\"elementor elementor-143\">\n\t\t\t\t<div class=\"elementor-element elementor-element-bf612eb e-flex e-con-boxed e-con e-parent\" data-id=\"bf612eb\" data-element_type=\"container\">\n\t\t\t\t\t<div class=\"e-con-inner\">\n\t\t\t\t<div class=\"elementor-element elementor-element-3b1143d elementor-widget elementor-widget-heading\" data-id=\"3b1143d\" data-element_type=\"widget\" data-widget_type=\"heading.default\">\n\t\t\t\t<div class=\"elementor-widget-container\">\n\t\t\t\t\t<h2 class=\"elementor-heading-title elementor-size-default\">Meine Vision<\/h2>\t\t\t\t<\/div>\n\t\t\t\t<\/div>\n\t\t\t\t\t<\/div>\n\t\t\t\t<\/div>\n\t\t<div class=\"elementor-element elementor-element-e1deaac e-flex e-con-boxed e-con e-parent\" data-id=\"e1deaac\" data-element_type=\"container\">\n\t\t\t\t\t<div class=\"e-con-inner\">\n\t\t\t\t<div class=\"elementor-element elementor-element-5363071 elementor-widget elementor-widget-text-editor\" data-id=\"5363071\" data-element_type=\"widget\" data-widget_type=\"text-editor.default\">\n\t\t\t\t<div class=\"elementor-widget-container\">\n\t\t\t\t\t\t\t\t\t<blockquote><div><span style=\"font-style: inherit; font-weight: inherit; color: var( --e-global-color-text ); font-family: var( --e-global-typography-text-font-family ), Sans-serif; text-align: var(--text-align); background-color: var(--ast-global-color-5);\">Eine geregelte Migrationspolitik ist entscheidend f\u00fcr den sozialen Zusammenhalt und den wirtschaftlichen Erfolg der Schweiz. Meine Vision ist es, eine Politik zu gestalten, die fair, gerecht und nachhaltig ist.<br \/>Sladjan Petrovic<\/span><\/div><\/blockquote>\t\t\t\t\t\t\t\t<\/div>\n\t\t\t\t<\/div>\n\t\t\t\t\t<\/div>\n\t\t\t\t<\/div>\n\t\t<div class=\"elementor-element elementor-element-a83c763 e-flex e-con-boxed e-con e-parent\" data-id=\"a83c763\" data-element_type=\"container\">\n\t\t\t\t\t<div class=\"e-con-inner\">\n\t\t\t\t<div class=\"elementor-element elementor-element-4c2e2b6 elementor-widget elementor-widget-accordion\" data-id=\"4c2e2b6\" data-element_type=\"widget\" data-widget_type=\"accordion.default\">\n\t\t\t\t<div class=\"elementor-widget-container\">\n\t\t\t\t\t\t\t<div class=\"elementor-accordion\">\n\t\t\t\t\t\t\t<div class=\"elementor-accordion-item\">\n\t\t\t\t\t<div id=\"elementor-tab-title-7981\" class=\"elementor-tab-title\" data-tab=\"1\" role=\"button\" aria-controls=\"elementor-tab-content-7981\" aria-expanded=\"false\">\n\t\t\t\t\t\t\t\t\t\t\t\t\t<span class=\"elementor-accordion-icon elementor-accordion-icon-left\" aria-hidden=\"true\">\n\t\t\t\t\t\t\t\t\t\t\t\t\t\t\t<span class=\"elementor-accordion-icon-closed\"><svg class=\"e-font-icon-svg e-fas-plus\" viewBox=\"0 0 448 512\" xmlns=\"http:\/\/www.w3.org\/2000\/svg\"><path d=\"M416 208H272V64c0-17.67-14.33-32-32-32h-32c-17.67 0-32 14.33-32 32v144H32c-17.67 0-32 14.33-32 32v32c0 17.67 14.33 32 32 32h144v144c0 17.67 14.33 32 32 32h32c17.67 0 32-14.33 32-32V304h144c17.67 0 32-14.33 32-32v-32c0-17.67-14.33-32-32-32z\"><\/path><\/svg><\/span>\n\t\t\t\t\t\t\t\t<span class=\"elementor-accordion-icon-opened\"><svg class=\"e-font-icon-svg e-fas-minus\" viewBox=\"0 0 448 512\" xmlns=\"http:\/\/www.w3.org\/2000\/svg\"><path d=\"M416 208H32c-17.67 0-32 14.33-32 32v32c0 17.67 14.33 32 32 32h384c17.67 0 32-14.33 32-32v-32c0-17.67-14.33-32-32-32z\"><\/path><\/svg><\/span>\n\t\t\t\t\t\t\t\t\t\t\t\t\t\t<\/span>\n\t\t\t\t\t\t\t\t\t\t\t\t<a class=\"elementor-accordion-title\" tabindex=\"0\">Geregelte Zuwanderung<\/a>\n\t\t\t\t\t<\/div>\n\t\t\t\t\t<div id=\"elementor-tab-content-7981\" class=\"elementor-tab-content elementor-clearfix\" data-tab=\"1\" role=\"region\" aria-labelledby=\"elementor-tab-title-7981\"><p>Eine kontrollierte und geregelte Zuwanderung ist notwendig, um die Balance zwischen wirtschaftlichen Bed\u00fcrfnissen und gesellschaftlichem Zusammenhalt zu wahren.<\/p><p><\/p><div><\/div><p><\/p><ul><li><strong>Arbeitsmarktbed\u00fcrfnisse<\/strong>: Eine geregelte Zuwanderung erm\u00f6glicht es, gezielt Fachkr\u00e4fte in den Arbeitsmarkt zu integrieren, die dringend ben\u00f6tigt werden, ohne dass es zu \u00dcberlastungen kommt.<\/li><li><strong>Sozialer Frieden<\/strong>: Durch klare Regeln und Begrenzungen k\u00f6nnen Spannungen und soziale Konflikte vermieden werden.<\/li><li><strong>Sicherheitsaspekte<\/strong>: Eine geregelte Zuwanderung erleichtert die Kontrolle und Sicherung der Grenzen, was zur nationalen Sicherheit beitr\u00e4gt.<\/li><li><strong>Integration<\/strong>: Mit einer begrenzten Anzahl an Zuwanderern k\u00f6nnen Integrationsma\u00dfnahmen effektiver gestaltet und umgesetzt werden.<\/li><li><strong>Wirtschaftliche Stabilit\u00e4t<\/strong>: Eine kontrollierte Zuwanderung verhindert eine \u00dcberlastung der Sozialsysteme und tr\u00e4gt zur wirtschaftlichen Stabilit\u00e4t bei.<\/li><\/ul><\/div>\n\t\t\t\t<\/div>\n\t\t\t\t\t\t\t<div class=\"elementor-accordion-item\">\n\t\t\t\t\t<div id=\"elementor-tab-title-7982\" class=\"elementor-tab-title\" data-tab=\"2\" role=\"button\" aria-controls=\"elementor-tab-content-7982\" aria-expanded=\"false\">\n\t\t\t\t\t\t\t\t\t\t\t\t\t<span class=\"elementor-accordion-icon elementor-accordion-icon-left\" aria-hidden=\"true\">\n\t\t\t\t\t\t\t\t\t\t\t\t\t\t\t<span class=\"elementor-accordion-icon-closed\"><svg class=\"e-font-icon-svg e-fas-plus\" viewBox=\"0 0 448 512\" xmlns=\"http:\/\/www.w3.org\/2000\/svg\"><path d=\"M416 208H272V64c0-17.67-14.33-32-32-32h-32c-17.67 0-32 14.33-32 32v144H32c-17.67 0-32 14.33-32 32v32c0 17.67 14.33 32 32 32h144v144c0 17.67 14.33 32 32 32h32c17.67 0 32-14.33 32-32V304h144c17.67 0 32-14.33 32-32v-32c0-17.67-14.33-32-32-32z\"><\/path><\/svg><\/span>\n\t\t\t\t\t\t\t\t<span class=\"elementor-accordion-icon-opened\"><svg class=\"e-font-icon-svg e-fas-minus\" viewBox=\"0 0 448 512\" xmlns=\"http:\/\/www.w3.org\/2000\/svg\"><path d=\"M416 208H32c-17.67 0-32 14.33-32 32v32c0 17.67 14.33 32 32 32h384c17.67 0 32-14.33 32-32v-32c0-17.67-14.33-32-32-32z\"><\/path><\/svg><\/span>\n\t\t\t\t\t\t\t\t\t\t\t\t\t\t<\/span>\n\t\t\t\t\t\t\t\t\t\t\t\t<a class=\"elementor-accordion-title\" tabindex=\"0\">F\u00f6rderung der Integration<\/a>\n\t\t\t\t\t<\/div>\n\t\t\t\t\t<div id=\"elementor-tab-content-7982\" class=\"elementor-tab-content elementor-clearfix\" data-tab=\"2\" role=\"region\" aria-labelledby=\"elementor-tab-title-7982\"><p>Die Integration von Migranten ist essenziell, um ein harmonisches Zusammenleben zu gew\u00e4hrleisten und die Teilhabe am gesellschaftlichen Leben zu f\u00f6rdern.<\/p>\n<ul><li><strong>Soziale Koh\u00e4sion<\/strong>: Gute Integration f\u00f6rdert den sozialen Zusammenhalt und reduziert das Risiko von Parallelgesellschaften.<\/li>\n<li><strong>Chancengleichheit<\/strong>: Durch gezielte Integrationsma\u00dfnahmen erhalten Migranten bessere Chancen auf dem Arbeitsmarkt und in der Bildung.<\/li>\n<li><strong>Kultureller Austausch<\/strong>: Integration erm\u00f6glicht einen positiven kulturellen Austausch und bereichert die Gesellschaft.<\/li>\n<li><strong>Reduktion von Kriminalit\u00e4t<\/strong>: Gut integrierte Menschen sind weniger anf\u00e4llig f\u00fcr Kriminalit\u00e4t und radikale Ideologien.<\/li>\n<li><strong>Wirtschaftlicher Beitrag<\/strong>: Erfolgreich integrierte Migranten tragen aktiv zur Wirtschaft bei und erh\u00f6hen die Steuerbasis.<\/li>\n<\/ul><\/div>\n\t\t\t\t<\/div>\n\t\t\t\t\t\t\t<div class=\"elementor-accordion-item\">\n\t\t\t\t\t<div id=\"elementor-tab-title-7983\" class=\"elementor-tab-title\" data-tab=\"3\" role=\"button\" aria-controls=\"elementor-tab-content-7983\" aria-expanded=\"false\">\n\t\t\t\t\t\t\t\t\t\t\t\t\t<span class=\"elementor-accordion-icon elementor-accordion-icon-left\" aria-hidden=\"true\">\n\t\t\t\t\t\t\t\t\t\t\t\t\t\t\t<span class=\"elementor-accordion-icon-closed\"><svg class=\"e-font-icon-svg e-fas-plus\" viewBox=\"0 0 448 512\" xmlns=\"http:\/\/www.w3.org\/2000\/svg\"><path d=\"M416 208H272V64c0-17.67-14.33-32-32-32h-32c-17.67 0-32 14.33-32 32v144H32c-17.67 0-32 14.33-32 32v32c0 17.67 14.33 32 32 32h144v144c0 17.67 14.33 32 32 32h32c17.67 0 32-14.33 32-32V304h144c17.67 0 32-14.33 32-32v-32c0-17.67-14.33-32-32-32z\"><\/path><\/svg><\/span>\n\t\t\t\t\t\t\t\t<span class=\"elementor-accordion-icon-opened\"><svg class=\"e-font-icon-svg e-fas-minus\" viewBox=\"0 0 448 512\" xmlns=\"http:\/\/www.w3.org\/2000\/svg\"><path d=\"M416 208H32c-17.67 0-32 14.33-32 32v32c0 17.67 14.33 32 32 32h384c17.67 0 32-14.33 32-32v-32c0-17.67-14.33-32-32-32z\"><\/path><\/svg><\/span>\n\t\t\t\t\t\t\t\t\t\t\t\t\t\t<\/span>\n\t\t\t\t\t\t\t\t\t\t\t\t<a class=\"elementor-accordion-title\" tabindex=\"0\">Schutz der nationalen Identit\u00e4t<\/a>\n\t\t\t\t\t<\/div>\n\t\t\t\t\t<div id=\"elementor-tab-content-7983\" class=\"elementor-tab-content elementor-clearfix\" data-tab=\"3\" role=\"region\" aria-labelledby=\"elementor-tab-title-7983\"><p>Die Bewahrung der nationalen Identit\u00e4t und Kultur ist wichtig, um das einzigartige Erbe und die Traditionen der Schweiz zu erhalten.<\/p>\n<ul><li><strong>Kulturelle Vielfalt<\/strong>: Eine starke nationale Identit\u00e4t schafft Raum f\u00fcr kulturelle Vielfalt innerhalb eines gemeinsamen Rahmens.<\/li>\n<li><strong>Gemeinsame Werte<\/strong>: Die Vermittlung und Erhaltung gemeinsamer Werte st\u00e4rkt den sozialen Zusammenhalt und das Zugeh\u00f6rigkeitsgef\u00fchl.<\/li>\n<li><strong>Tourismusf\u00f6rderung<\/strong>: Die Pflege von Traditionen und Kultur zieht Touristen an und f\u00f6rdert die Wirtschaft.<\/li>\n<li><strong>Bildung<\/strong>: Durch die Bewahrung der nationalen Identit\u00e4t k\u00f6nnen zuk\u00fcnftige Generationen ihre Wurzeln und Geschichte besser verstehen und sch\u00e4tzen.<\/li>\n<li><strong>Integration<\/strong>: Ein starkes nationales Identit\u00e4tsbewusstsein erleichtert es Migranten, sich in die Gesellschaft zu integrieren und die Werte der Schweiz anzunehmen.<\/li>\n<\/ul><\/div>\n\t\t\t\t<\/div>\n\t\t\t\t\t\t\t<div class=\"elementor-accordion-item\">\n\t\t\t\t\t<div id=\"elementor-tab-title-7984\" class=\"elementor-tab-title\" data-tab=\"4\" role=\"button\" aria-controls=\"elementor-tab-content-7984\" aria-expanded=\"false\">\n\t\t\t\t\t\t\t\t\t\t\t\t\t<span class=\"elementor-accordion-icon elementor-accordion-icon-left\" aria-hidden=\"true\">\n\t\t\t\t\t\t\t\t\t\t\t\t\t\t\t<span class=\"elementor-accordion-icon-closed\"><svg class=\"e-font-icon-svg e-fas-plus\" viewBox=\"0 0 448 512\" xmlns=\"http:\/\/www.w3.org\/2000\/svg\"><path d=\"M416 208H272V64c0-17.67-14.33-32-32-32h-32c-17.67 0-32 14.33-32 32v144H32c-17.67 0-32 14.33-32 32v32c0 17.67 14.33 32 32 32h144v144c0 17.67 14.33 32 32 32h32c17.67 0 32-14.33 32-32V304h144c17.67 0 32-14.33 32-32v-32c0-17.67-14.33-32-32-32z\"><\/path><\/svg><\/span>\n\t\t\t\t\t\t\t\t<span class=\"elementor-accordion-icon-opened\"><svg class=\"e-font-icon-svg e-fas-minus\" viewBox=\"0 0 448 512\" xmlns=\"http:\/\/www.w3.org\/2000\/svg\"><path d=\"M416 208H32c-17.67 0-32 14.33-32 32v32c0 17.67 14.33 32 32 32h384c17.67 0 32-14.33 32-32v-32c0-17.67-14.33-32-32-32z\"><\/path><\/svg><\/span>\n\t\t\t\t\t\t\t\t\t\t\t\t\t\t<\/span>\n\t\t\t\t\t\t\t\t\t\t\t\t<a class=\"elementor-accordion-title\" tabindex=\"0\">Effiziente Asylverfahren<\/a>\n\t\t\t\t\t<\/div>\n\t\t\t\t\t<div id=\"elementor-tab-content-7984\" class=\"elementor-tab-content elementor-clearfix\" data-tab=\"4\" role=\"region\" aria-labelledby=\"elementor-tab-title-7984\"><p>Effiziente und faire Asylverfahren sind notwendig, um den humanit\u00e4ren Verpflichtungen gerecht zu werden und Missbrauch zu verhindern.<\/p>\n<ul>\n<li><strong>Schnellere Entscheidungen<\/strong>: Effiziente Verfahren erm\u00f6glichen schnellere Entscheidungen und reduzieren die Unsicherheit f\u00fcr Asylsuchende.<\/li>\n<li><strong>Missbrauchsvermeidung<\/strong>: Klare und schnelle Verfahren reduzieren die M\u00f6glichkeit des Missbrauchs des Asylsystems.<\/li>\n<li><strong>Ressourcenschonung<\/strong>: Effiziente Verfahren sparen Ressourcen und entlasten die Beh\u00f6rden.<\/li>\n<li><strong>Humanit\u00e4re Verantwortung<\/strong>: Schnelle und faire Verfahren stellen sicher, dass wirklich Schutzbed\u00fcrftige zeitnah Hilfe erhalten.<\/li>\n<li><strong>Integration<\/strong>: Asylsuchende, die bleiben d\u00fcrfen, k\u00f6nnen schneller integriert werden, w\u00e4hrend abgelehnte Bewerber zeitnah zur\u00fcckgef\u00fchrt werden k\u00f6nnen.<\/li>\n<\/ul><\/div>\n\t\t\t\t<\/div>\n\t\t\t\t\t\t\t\t<\/div>\n\t\t\t\t\t\t<\/div>\n\t\t\t\t<\/div>\n\t\t\t\t\t<\/div>\n\t\t\t\t<\/div>\n\t\t\t\t<\/div>\n\t\t","protected":false},"excerpt":{"rendered":"<p>Meine Vision Eine geregelte Migrationspolitik ist entscheidend f\u00fcr den sozialen Zusammenhalt und den wirtschaftlichen Erfolg der Schweiz. Meine Vision ist [&hellip;]<\/p>\n","protected":false},"author":1,"featured_media":0,"parent":0,"menu_order":0,"comment_status":"closed","ping_status":"closed","template":"","meta":{"site-sidebar-layout":"no-sidebar","site-content-layout":"","ast-site-content-layout":"full-width-container","site-content-style":"default","site-sidebar-style":"default","ast-global-header-display":"","ast-banner-title-visibility":"","ast-main-header-display":"","ast-hfb-above-header-display":"","ast-hfb-below-header-display":"","ast-hfb-mobile-header-display":"","site-post-title":"disabled","ast-breadcrumbs-content":"","ast-featured-img":"disabled","footer-sml-layout":"","ast-disable-related-posts":"","theme-transparent-header-meta":"default","adv-header-id-meta":"","stick-header-meta":"","header-above-stick-meta":"","header-main-stick-meta":"","header-below-stick-meta":"","astra-migrate-meta-layouts":"set","ast-page-background-enabled":"default","ast-page-background-meta":{"desktop":{"background-color":"var(--ast-global-color-4)","background-image":"","background-repeat":"repeat","background-position":"center center","background-size":"auto","background-attachment":"scroll","background-type":"","background-media":"","overlay-type":"","overlay-color":"","overlay-opacity":"","overlay-gradient":""},"tablet":{"background-color":"","background-image":"","background-repeat":"repeat","background-position":"center center","background-size":"auto","background-attachment":"scroll","background-type":"","background-media":"","overlay-type":"","overlay-color":"","overlay-opacity":"","overlay-gradient":""},"mobile":{"background-color":"","background-image":"","background-repeat":"repeat","background-position":"center center","background-size":"auto","background-attachment":"scroll","background-type":"","background-media":"","overlay-type":"","overlay-color":"","overlay-opacity":"","overlay-gradient":""}},"ast-content-background-meta":{"desktop":{"background-color":"var(--ast-global-color-5)","background-image":"","background-repeat":"repeat","background-position":"center center","background-size":"auto","background-attachment":"scroll","background-type":"","background-media":"","overlay-type":"","overlay-color":"","overlay-opacity":"","overlay-gradient":""},"tablet":{"background-color":"var(--ast-global-color-5)","background-image":"","background-repeat":"repeat","background-position":"center center","background-size":"auto","background-attachment":"scroll","background-type":"","background-media":"","overlay-type":"","overlay-color":"","overlay-opacity":"","overlay-gradient":""},"mobile":{"background-color":"var(--ast-global-color-5)","background-image":"","background-repeat":"repeat","background-position":"center center","background-size":"auto","background-attachment":"scroll","background-type":"","background-media":"","overlay-type":"","overlay-color":"","overlay-opacity":"","overlay-gradient":""}},"footnotes":""},"class_list":["post-143","page","type-page","status-publish","hentry"],"_links":{"self":[{"href":"https:\/\/sladjanpetrovic.ch\/index.php?rest_route=\/wp\/v2\/pages\/143","targetHints":{"allow":["GET"]}}],"collection":[{"href":"https:\/\/sladjanpetrovic.ch\/index.php?rest_route=\/wp\/v2\/pages"}],"about":[{"href":"https:\/\/sladjanpetrovic.ch\/index.php?rest_route=\/wp\/v2\/types\/page"}],"author":[{"embeddable":true,"href":"https:\/\/sladjanpetrovic.ch\/index.php?rest_route=\/wp\/v2\/users\/1"}],"replies":[{"embeddable":true,"href":"https:\/\/sladjanpetrovic.ch\/index.php?rest_route=%2Fwp%2Fv2%2Fcomments&post=143"}],"version-history":[{"count":4,"href":"https:\/\/sladjanpetrovic.ch\/index.php?rest_route=\/wp\/v2\/pages\/143\/revisions"}],"predecessor-version":[{"id":148,"href":"https:\/\/sladjanpetrovic.ch\/index.php?rest_route=\/wp\/v2\/pages\/143\/revisions\/148"}],"wp:attachment":[{"href":"https:\/\/sladjanpetrovic.ch\/index.php?rest_route=%2Fwp%2Fv2%2Fmedia&parent=143"}],"curies":[{"name":"wp","href":"https:\/\/api.w.org\/{rel}","templated":true}]}}